{"id":316,"date":"2019-02-14T14:58:22","date_gmt":"2019-02-14T13:58:22","guid":{"rendered":"http:\/\/giesselmann-web.de\/wp2\/?page_id=316"},"modified":"2020-04-04T10:28:41","modified_gmt":"2020-04-04T08:28:41","slug":"pc-hilfe","status":"publish","type":"page","link":"https:\/\/giesselmann-web.de\/wp2\/pc-hilfe\/","title":{"rendered":"PC-Hilfe"},"content":{"rendered":"\t\t<div data-elementor-type=\"wp-post\" data-elementor-id=\"316\" class=\"elementor elementor-316\">\n\t\t\t\t\t\t<section class=\"elementor-section elementor-top-section elementor-element elementor-element-7201de84 elementor-section-boxed elementor-section-height-default elementor-section-height-default\" data-id=\"7201de84\" data-element_type=\"section\" data-e-type=\"section\">\n\t\t\t\t\t\t<div class=\"elementor-container elementor-column-gap-default\">\n\t\t\t\t\t<div class=\"elementor-column elementor-col-100 elementor-top-column elementor-element elementor-element-79c6682d\" data-id=\"79c6682d\" data-element_type=\"column\" data-e-type=\"column\">\n\t\t\t<div class=\"elementor-widget-wrap elementor-element-populated\">\n\t\t\t\t\t\t<div class=\"elementor-element elementor-element-25bc17e9 elementor-widget elementor-widget-text-editor\" data-id=\"25bc17e9\" data-element_type=\"widget\" data-e-type=\"widget\" data-widget_type=\"text-editor.default\">\n\t\t\t\t<div class=\"elementor-widget-container\">\n\t\t\t\t\t\t\t\t\t\n<p style=\"text-align: center;\"><strong><span style=\"color: #ff6600;\">ben\u00f6tigt Ihr schnell mal Hilfe am PC?<\/span><\/strong><br \/><strong><span style=\"color: #ff6600;\">Ich k\u00f6nnte Euch vielleicht mit einer<\/span><\/strong><br \/><strong><span style=\"color: #ff6600;\">Remoteverbindung helfen.<\/span><\/strong><\/p>\n\n<p style=\"text-align: center;\"><strong>Per Remotedesktopverbindung greife Ich \u00fcber das Internet auf den<br \/>Desktop\u00a0Eures Windows-Rechners zu.\u00a0Von zu Hause kann ich Euch<br \/>dann versuchen\u00a0den Fehler\u00a0zu beseitigen. Keiner braucht den<br \/>Computer zu mir bringen und\u00a0<\/strong><strong>es kann\u00a0nach dem\u00a0Anruf sofort los gehen.<\/strong><\/p>\n\n<figure><\/figure>\n\n<p style=\"text-align: center;\"><a href=\"https:\/\/wa.me\/491714634522\" target=\"_blank\" rel=\"noopener noreferrer\"><img decoding=\"async\" class=\"alignnone size-full wp-image-3510\" src=\"https:\/\/giesselmann-web.de\/wp2\/wp-content\/uploads\/2020\/04\/Download.jpg\" alt=\"\" width=\"150\" height=\"150\" \/><\/a><br \/><a href=\"https:\/\/wa.me\/4917812345678\" target=\"_blank\" rel=\"noopener noreferrer\">Whatsapp an mich<\/a><\/p>\n\t\t\t\t\t\t\t\t<\/div>\n\t\t\t\t<\/div>\n\t\t\t\t\t<\/div>\n\t\t<\/div>\n\t\t\t\t\t<\/div>\n\t\t<\/section>\n\t\t\t\t<\/div>\n\t\t","protected":false},"excerpt":{"rendered":"<p>ben\u00f6tigt Ihr schnell mal Hilfe am PC?Ich k\u00f6nnte Euch vielleicht mit einerRemoteverbindung helfen. Per Remotedesktopverbindung greife Ich \u00fcber das Internet auf denDesktop\u00a0Eures Windows-Rechners zu.\u00a0Von zu Hause kann ich Euchdann versuchen\u00a0den Fehler\u00a0zu beseitigen. Keiner braucht denComputer zu mir bringen und\u00a0es kann\u00a0nach dem\u00a0Anruf sofort los gehen. Whatsapp an mich<\/p>\n","protected":false},"author":1,"featured_media":0,"parent":0,"menu_order":0,"comment_status":"closed","ping_status":"closed","template":"","meta":{"footnotes":""},"class_list":["post-316","page","type-page","status-publish","hentry"],"_links":{"self":[{"href":"https:\/\/giesselmann-web.de\/wp2\/wp-json\/wp\/v2\/pages\/316","targetHints":{"allow":["GET"]}}],"collection":[{"href":"https:\/\/giesselmann-web.de\/wp2\/wp-json\/wp\/v2\/pages"}],"about":[{"href":"https:\/\/giesselmann-web.de\/wp2\/wp-json\/wp\/v2\/types\/page"}],"author":[{"embeddable":true,"href":"https:\/\/giesselmann-web.de\/wp2\/wp-json\/wp\/v2\/users\/1"}],"replies":[{"embeddable":true,"href":"https:\/\/giesselmann-web.de\/wp2\/wp-json\/wp\/v2\/comments?post=316"}],"version-history":[{"count":0,"href":"https:\/\/giesselmann-web.de\/wp2\/wp-json\/wp\/v2\/pages\/316\/revisions"}],"wp:attachment":[{"href":"https:\/\/giesselmann-web.de\/wp2\/wp-json\/wp\/v2\/media?parent=316"}],"curies":[{"name":"wp","href":"https:\/\/api.w.org\/{rel}","templated":true}]}}