{"id":2098,"date":"2019-03-09T16:34:13","date_gmt":"2019-03-09T15:34:13","guid":{"rendered":"http:\/\/giesselmann-web.de\/wp2\/?page_id=2098"},"modified":"2019-03-09T16:45:10","modified_gmt":"2019-03-09T15:45:10","slug":"notfallnummern-aus-bielefeld","status":"publish","type":"page","link":"https:\/\/giesselmann-web.de\/wp2\/notfallnummern-aus-bielefeld\/","title":{"rendered":"Notfallnummern aus Bielefeld"},"content":{"rendered":"\n<p><strong>In au\u00dfergew\u00f6hnlichen oder lebensbedrohlichen Notfallsituationen w\u00e4hlen Sie bitte:<br><\/strong><\/p>\n\n\n\n<h3 class=\"wp-block-heading\"><strong>Notrufnummer 112 &#8211; Feuerwehr, Rettungsdienst und Notarzt.<\/strong><\/h3>\n\n\n\n<h1 class=\"wp-block-heading\">Notfallpraxen in Bielefeld<\/h1>\n\n\n\n<h3 class=\"wp-block-heading\">Notfallpraxis im St\u00e4dtischen Klinikum<\/h3>\n\n\n\n<p>Teutoburger Str. 50<br>33604 Bielefeld<br><\/p>\n\n\n\n<p><strong>\u00d6ffnungszeiten:<\/strong><\/p>\n\n\n\n<p>Montag, Dienstag, Donnerstag: 19:00 Uhr &#8211; 22:00 Uhr<br>Mittwoch, Freitag: 15:00 Uhr &#8211; 22:00 Uhr<br>Samstag, Sonntag, Feiertage: 09:00 Uhr &#8211; 22:00 Uhr<\/p>\n\n\n\n<p><a href=\"https:\/\/www.klinikumbielefeld.de\/infos-fuer-den-notfall.html\" target=\"_blank\" rel=\"noreferrer noopener\">Webseite<\/a><\/p>\n\n\n\n<h3 class=\"wp-block-heading\">Kinder\u00e4rztliche Notfallpraxis im Kinderzentrum Bethel<\/h3>\n\n\n\n<p>Grenzweg 10<br>33617 Bielefeld<\/p>\n\n\n\n<p>Telefon:&nbsp;0521\/772-77994<\/p>\n\n\n\n<p><strong>\u00d6ffnungszeiten:<\/strong><\/p>\n\n\n\n<p>Montag, Dienstag, Donnerstag: 19.00 Uhr bis 22.00 Uhr<br>Mittwoch, Freitag: 16.00 Uhr bis 22.00 Uhr<br>Samstag, Sonntag, Feiertage: 09.00 Uhr bis 22.00 Uhr<\/p>\n\n\n\n<h1 class=\"wp-block-heading\">\u00c4rztlicher Bereitschaftsdienst \/ Notfalldienst<\/h1>\n\n\n\n<p>Ben\u00f6tigen Sie Informationen \u00fcber die n\u00e4chstgelegenen Notfalldienstpraxen oder die M\u00f6glichkeiten eines Hausbesuches hilft Ihnen die Arztrufzentrale des \u00e4rztlichen Bereitschaftsdienstes \/ Notfalldienstes.<\/p>\n\n\n\n<h3 class=\"wp-block-heading\">\u00c4rztlicher Bereitschaftsdienst \/ Notfalldienst<\/h3>\n\n\n\n<p>Telefon:&nbsp;116 117<br><br><\/p>\n\n\n\n<p><strong>Erreichbarkeit:<\/strong><\/p>\n\n\n\n<p>Montag, Dienstag, Donnerstag: 18:00 Uhr &#8211; 08:00 Uhr am Folgetag<br>Mittwoch, Freitag: 13:00 Uhr &#8211; 08:00 Uhr am Folgetag<br>Samstag, Sonntag, Feiertage: 08:00 Uhr &#8211; 08:00 Uhr am Folgetag<\/p>\n\n\n\n<p><a href=\"https:\/\/www.116117.de\/html\/de\/\" target=\"_blank\" rel=\"noreferrer noopener\">Webseite<\/a><\/p>\n\n\n\n<h3 class=\"wp-block-heading\">Zahn\u00e4rztlicher Notdienst<\/h3>\n\n\n\n<p>Tel.&nbsp;01805 98 67 00<\/p>\n\n\n\n<h1 class=\"wp-block-heading\">Notruf-Telefonnummern<\/h1>\n\n\n\n<h3 class=\"wp-block-heading\">Giiftnotruf<\/h3>\n\n\n\n<p>Informationszentrale gegen Vergiftungen &#8211; Telefonische Hilfe rund um die Uhr.<\/p>\n\n\n\n<p>Telefon:&nbsp;0228 &#8211; 19240<\/p>\n\n\n\n<p><a href=\"http:\/\/www.gizbonn.de\/\" target=\"_blank\" rel=\"noreferrer noopener\">Webseite<\/a><\/p>\n\n\n\n<h3 class=\"wp-block-heading\">Apotheken-Notdienst<\/h3>\n\n\n\n<p>F\u00fcr schnelle und unkomplizierte Anfragen nach der Adresse der n\u00e4chstgelegenen, dienstbereiten Apotheke.<\/p>\n\n\n\n<p>Telefon:&nbsp;0800 &#8211; 0022833&nbsp;(Anruf kostenfrei)<\/p>\n\n\n\n<p><a href=\"http:\/\/www.abda.de\/notdienst.html\" target=\"_blank\" rel=\"noreferrer noopener\">Webseite<\/a><\/p>\n\n\n\n<h1 class=\"wp-block-heading\">Krankentransport<\/h1>\n\n\n\n<h3 class=\"wp-block-heading\">Biekra Krankentransport GmbH<\/h3>\n\n\n\n<p>Eckendorfer Str. 48<br>33609 Bielefeld<\/p>\n\n\n\n<p>Telefon:&nbsp;0521 &#8211; 31385<\/p>\n\n\n\n<p><a href=\"https:\/\/www.biekra.de\/\" target=\"_blank\" rel=\"noreferrer noopener\">Webseite<\/a><\/p>\n\n\n\n<h3 class=\"wp-block-heading\">Feuerwehr-Krankentransport<\/h3>\n\n\n\n<p>Telefon:&nbsp;0521 &#8211; 512301<\/p>\n\n\n\n<h1 class=\"wp-block-heading\">Weitere Telefonnummern<\/h1>\n\n\n\n<h3 class=\"wp-block-heading\">Aids-Hilfe Bielefeld e. V.<\/h3>\n\n\n\n<p>Ehlentruper Weg 45a<br>Beratungstelefon<\/p>\n\n\n\n<p>Telefon:&nbsp;0521 &#8211; 133388<\/p>\n\n\n\n<p><a href=\"http:\/\/www.aidshilfe-bielefeld.de\/\" target=\"_blank\" rel=\"noreferrer noopener\">Webseite<\/a><\/p>\n\n\n\n<h3 class=\"wp-block-heading\">Weisser Ring e.V.<\/h3>\n\n\n\n<p>Opfer-Telefon:&nbsp;116006&nbsp;(bundesweit, 07:00 &#8211; 22:00 Uhr)<\/p>\n\n\n\n<p><a href=\"https:\/\/www.weisser-ring.de\/internet\/\" target=\"_blank\" rel=\"noreferrer noopener\">Webseite<\/a><\/p>\n\n\n\n<h3 class=\"wp-block-heading\">Telefonseelsorge der Kirchen<\/h3>\n\n\n\n<p>Telefon:&nbsp;0800 &#8211; 1110111&nbsp;oder&nbsp;0800 &#8211; 1110222&nbsp;(geb\u00fchrenfrei)<\/p>\n\n\n\n<p><a href=\"http:\/\/www.telefonseelsorge.de\/\" target=\"_blank\" rel=\"noreferrer noopener\">Webseite<\/a><\/p>\n\n\n\n<h3 class=\"wp-block-heading\">Drogenberatung e. V. Bielefeld<\/h3>\n\n\n\n<p>August-Schr\u00f6der-Str. 3a<br>33602 Bielefeld<\/p>\n\n\n\n<p>Telefon:&nbsp;0521 &#8211; 96780-0<\/p>\n\n\n\n<p><a href=\"https:\/\/www.drogenberatung-bielefeld.de\/\" target=\"_blank\" rel=\"noreferrer noopener\">Webseite<\/a><\/p>\n\n\n\n<h3 class=\"wp-block-heading\">Frauenhaus e. V.<\/h3>\n\n\n\n<p>Telefon:&nbsp;0521 &#8211; 177376<\/p>\n\n\n\n<p><a href=\"https:\/\/www.frauenhaus-bielefeld.de\/\" target=\"_blank\" rel=\"noreferrer noopener\">Webseite<\/a><\/p>\n\n\n\n<h3 class=\"wp-block-heading\">Frauennotruf Bielefeld e. V.<\/h3>\n\n\n\n<p>Telefon:&nbsp;0521 &#8211; 124248<\/p>\n\n\n\n<p><a href=\"https:\/\/www.frauennotruf-bielefeld.de\/\" target=\"_blank\" rel=\"noreferrer noopener\">Webseite<\/a><\/p>\n\n\n\n<h3 class=\"wp-block-heading\">Frauenhaus der Arbeiterwohlfahrt<\/h3>\n\n\n\n<p>Telefon:&nbsp;0521 &#8211; 5213636<\/p>\n\n\n\n<p><a href=\"https:\/\/awo-bielefeld.de\/soziale-hilfen\/frauenhaus\/\" target=\"_blank\" rel=\"noreferrer noopener\">Webseite<\/a><\/p>\n\n\n\n<h3 class=\"wp-block-heading\">M\u00e4dchenhaus Bielefeld e. V.<\/h3>\n\n\n\n<p>Renteistr. 14<br>33602 Bielefeld<\/p>\n\n\n\n<p>Beratungsstelle:<br>Telefon:&nbsp;0521 &#8211; 173016<\/p>\n\n\n\n<p>Zufluchtst\u00e4tte:<br>Telefon:&nbsp;0521 &#8211; 21010&nbsp;(Tag und Nacht)<\/p>\n\n\n\n<p><a href=\"https:\/\/www.maedchenhaus-bielefeld.de\/\" target=\"_blank\" rel=\"noreferrer noopener\">Webseite<\/a><\/p>\n","protected":false},"excerpt":{"rendered":"<p>In au\u00dfergew\u00f6hnlichen oder lebensbedrohlichen Notfallsituationen w\u00e4hlen Sie bitte: Notrufnummer 112 &#8211; Feuerwehr, Rettungsdienst und Notarzt. Notfallpraxen in Bielefeld Notfallpraxis im St\u00e4dtischen Klinikum Teutoburger Str. 5033604 Bielefeld \u00d6ffnungszeiten: Montag, Dienstag, Donnerstag: 19:00 Uhr &#8211; 22:00 UhrMittwoch, Freitag: 15:00 Uhr &#8211; 22:00 UhrSamstag, Sonntag, Feiertage: 09:00 Uhr &#8211; 22:00 Uhr Webseite Kinder\u00e4rztliche Notfallpraxis im Kinderzentrum Bethel Grenzweg&hellip;<\/p>\n","protected":false},"author":1,"featured_media":0,"parent":0,"menu_order":0,"comment_status":"closed","ping_status":"closed","template":"","meta":{"footnotes":""},"class_list":["post-2098","page","type-page","status-publish","hentry"],"_links":{"self":[{"href":"https:\/\/giesselmann-web.de\/wp2\/wp-json\/wp\/v2\/pages\/2098","targetHints":{"allow":["GET"]}}],"collection":[{"href":"https:\/\/giesselmann-web.de\/wp2\/wp-json\/wp\/v2\/pages"}],"about":[{"href":"https:\/\/giesselmann-web.de\/wp2\/wp-json\/wp\/v2\/types\/page"}],"author":[{"embeddable":true,"href":"https:\/\/giesselmann-web.de\/wp2\/wp-json\/wp\/v2\/users\/1"}],"replies":[{"embeddable":true,"href":"https:\/\/giesselmann-web.de\/wp2\/wp-json\/wp\/v2\/comments?post=2098"}],"version-history":[{"count":0,"href":"https:\/\/giesselmann-web.de\/wp2\/wp-json\/wp\/v2\/pages\/2098\/revisions"}],"wp:attachment":[{"href":"https:\/\/giesselmann-web.de\/wp2\/wp-json\/wp\/v2\/media?parent=2098"}],"curies":[{"name":"wp","href":"https:\/\/api.w.org\/{rel}","templated":true}]}}