{"id":1507,"date":"2019-02-17T22:19:01","date_gmt":"2019-02-17T21:19:01","guid":{"rendered":"http:\/\/giesselmann-web.de\/wp2\/?page_id=1507"},"modified":"2020-04-08T12:46:16","modified_gmt":"2020-04-08T10:46:16","slug":"impressum","status":"publish","type":"page","link":"https:\/\/giesselmann-web.de\/wp2\/impressum\/","title":{"rendered":"Impressum"},"content":{"rendered":"\t\t<div data-elementor-type=\"wp-post\" data-elementor-id=\"1507\" class=\"elementor elementor-1507 elementor-bc-flex-widget\">\n\t\t\t\t\t\t<section class=\"elementor-section elementor-top-section elementor-element elementor-element-279e350 elementor-section-height-full elementor-section-boxed elementor-section-height-default elementor-section-items-middle\" data-id=\"279e350\" data-element_type=\"section\" data-e-type=\"section\" data-settings=\"{&quot;background_background&quot;:&quot;classic&quot;}\">\n\t\t\t\t\t\t<div class=\"elementor-container elementor-column-gap-default\">\n\t\t\t\t\t<div class=\"elementor-column elementor-col-100 elementor-top-column elementor-element elementor-element-df6ec74\" data-id=\"df6ec74\" data-element_type=\"column\" data-e-type=\"column\" data-settings=\"{&quot;background_background&quot;:&quot;classic&quot;}\">\n\t\t\t<div class=\"elementor-widget-wrap elementor-element-populated\">\n\t\t\t\t\t\t<div class=\"elementor-element elementor-element-e0c4523 elementor-widget elementor-widget-text-editor\" data-id=\"e0c4523\" data-element_type=\"widget\" data-e-type=\"widget\" data-widget_type=\"text-editor.default\">\n\t\t\t\t<div class=\"elementor-widget-container\">\n\t\t\t\t\t\t\t\t\t<p><strong>Impressum<\/strong><\/p><p><small>nach \u00a7 5 TMG<\/small><\/p><p><b>giesselmann-web.de<\/b><br \/>Blackenfeld 10<br \/>33739 Bielefeld<\/p><p>Telefon: (05 21) 3937590<br \/>Fax: (05 21) 3937591<br \/>E-Mail:\u00a0<a href=\"mailto:bernd(at)giesselmann-web(dot)de\">bernd(at)giesselmann-web(dot)de<\/a><br \/>Internet:\u00a0<a href=\"http:\/\/www.giesselmann-web.de\/\">http:\/\/www.giesselmann-web.de<\/a><\/p><p>\u00a0<\/p><p>\u00a0<\/p><p><b>Gestaltung &amp; Realisation<\/b><\/p><p>Haftungshinweis: Trotz sorgf\u00e4ltiger inhaltlicher Kontrolle \u00fcbernehmen wir<br \/>keine Haftung f\u00fcr die Inhalte externer Links. F\u00fcr den Inhalt der verlinkten<br \/>Seiten sind ausschlie\u00dflich deren Betreiber verantwortlich.<\/p>\t\t\t\t\t\t\t\t<\/div>\n\t\t\t\t<\/div>\n\t\t\t\t\t<\/div>\n\t\t<\/div>\n\t\t\t\t\t<\/div>\n\t\t<\/section>\n\t\t\t\t<\/div>\n\t\t","protected":false},"excerpt":{"rendered":"<p>Impressum nach \u00a7 5 TMG giesselmann-web.de Blackenfeld 10 33739 Bielefeld Telefon: (05 21) 3937590 Fax: (05 21) 3937591 E-Mail:&nbsp;bernd(at)giesselmann-web(dot)de Internet:&nbsp;http:\/\/www.giesselmann-web.de Gestaltung &amp; Realisation Haftungshinweis: Trotz sorgf\u00e4ltiger inhaltlicher Kontrolle \u00fcbernehmen wir keine Haftung f\u00fcr die Inhalte externer Links. F\u00fcr den Inhalt der verlinkten Seiten sind ausschlie\u00dflich deren Betreiber verantwortlich. [imprint]<\/p>\n","protected":false},"author":1,"featured_media":0,"parent":0,"menu_order":0,"comment_status":"closed","ping_status":"closed","template":"","meta":{"footnotes":""},"class_list":["post-1507","page","type-page","status-publish","hentry"],"_links":{"self":[{"href":"https:\/\/giesselmann-web.de\/wp2\/wp-json\/wp\/v2\/pages\/1507","targetHints":{"allow":["GET"]}}],"collection":[{"href":"https:\/\/giesselmann-web.de\/wp2\/wp-json\/wp\/v2\/pages"}],"about":[{"href":"https:\/\/giesselmann-web.de\/wp2\/wp-json\/wp\/v2\/types\/page"}],"author":[{"embeddable":true,"href":"https:\/\/giesselmann-web.de\/wp2\/wp-json\/wp\/v2\/users\/1"}],"replies":[{"embeddable":true,"href":"https:\/\/giesselmann-web.de\/wp2\/wp-json\/wp\/v2\/comments?post=1507"}],"version-history":[{"count":0,"href":"https:\/\/giesselmann-web.de\/wp2\/wp-json\/wp\/v2\/pages\/1507\/revisions"}],"wp:attachment":[{"href":"https:\/\/giesselmann-web.de\/wp2\/wp-json\/wp\/v2\/media?parent=1507"}],"curies":[{"name":"wp","href":"https:\/\/api.w.org\/{rel}","templated":true}]}}